{"id":2,"date":"2015-01-12T10:24:52","date_gmt":"2015-01-12T10:24:52","guid":{"rendered":"http:\/\/ravea.sk\/?page_id=2"},"modified":"2025-12-14T17:47:05","modified_gmt":"2025-12-14T15:47:05","slug":"ukazka-strany","status":"publish","type":"page","link":"https:\/\/ravea.sk\/","title":{"rendered":"\u00davod"},"content":{"rendered":"<p>Veterin\u00e1rna ambulancia \u201eRAVEA\u201c poskytuje prevent\u00edvnu a lie\u010debn\u00fa starostlivos\u0165 pre v\u0161etky druhy spolo\u010densk\u00fdch a hospod\u00e1rskych zvierat. Ambulancia sa nach\u00e1dza v samostatnej budove na \u017delezni\u010dnej ulici v Rev\u00facej, v bl\u00edzkosti predajne chovproduktu Silvia a budovy liter\u00e1rneho gymn\u00e1zia. Na\u0161im cie\u013eom je v nov\u00fdch a kvalitne vybaven\u00fdch priestoroch, poskytova\u0165 komplexn\u00fa veterin\u00e1rnu starostlivos\u0165 pre Va\u0161ich dom\u00e1cich mil\u00e1\u010dikov. Budeme sa te\u0161i\u0165 na Va\u0161u n\u00e1v\u0161tevu.<\/p>\n<p>Kolekt\u00edv veterin\u00e1rnej ambulancie \u201eRAVEA\u201c<\/p>\n","protected":false},"excerpt":{"rendered":"<p>Veterin\u00e1rna ambulancia \u201eRAVEA\u201c poskytuje prevent\u00edvnu a lie\u010debn\u00fa starostlivos\u0165 pre v\u0161etky druhy spolo\u010densk\u00fdch a hospod\u00e1rskych zvierat. Ambulancia sa nach\u00e1dza v samostatnej budove na \u017delezni\u010dnej ulici v Rev\u00facej, v bl\u00edzkosti predajne chovproduktu Silvia a budovy liter\u00e1rneho gymn\u00e1zia. Na\u0161im cie\u013eom je v nov\u00fdch a kvalitne vybaven\u00fdch priestoroch, poskytova\u0165 komplexn\u00fa veterin\u00e1rnu starostlivos\u0165 pre Va\u0161ich dom\u00e1cich mil\u00e1\u010dikov. Budeme sa te\u0161i\u0165 &hellip; <a href=\"https:\/\/ravea.sk\/\" class=\"more-link\">Pokra\u010dova\u0165 v \u010d\u00edtan\u00ed: <span class=\"screen-reader-text\">\u00davod<\/span><\/a><\/p>\n","protected":false},"author":1,"featured_media":36,"parent":0,"menu_order":0,"comment_status":"closed","ping_status":"closed","template":"","meta":{"footnotes":""},"class_list":["post-2","page","type-page","status-publish","has-post-thumbnail","hentry"],"_links":{"self":[{"href":"https:\/\/ravea.sk\/index.php?rest_route=\/wp\/v2\/pages\/2","targetHints":{"allow":["GET"]}}],"collection":[{"href":"https:\/\/ravea.sk\/index.php?rest_route=\/wp\/v2\/pages"}],"about":[{"href":"https:\/\/ravea.sk\/index.php?rest_route=\/wp\/v2\/types\/page"}],"author":[{"embeddable":true,"href":"https:\/\/ravea.sk\/index.php?rest_route=\/wp\/v2\/users\/1"}],"replies":[{"embeddable":true,"href":"https:\/\/ravea.sk\/index.php?rest_route=%2Fwp%2Fv2%2Fcomments&post=2"}],"version-history":[{"count":2,"href":"https:\/\/ravea.sk\/index.php?rest_route=\/wp\/v2\/pages\/2\/revisions"}],"predecessor-version":[{"id":38,"href":"https:\/\/ravea.sk\/index.php?rest_route=\/wp\/v2\/pages\/2\/revisions\/38"}],"wp:featuredmedia":[{"embeddable":true,"href":"https:\/\/ravea.sk\/index.php?rest_route=\/wp\/v2\/media\/36"}],"wp:attachment":[{"href":"https:\/\/ravea.sk\/index.php?rest_route=%2Fwp%2Fv2%2Fmedia&parent=2"}],"curies":[{"name":"wp","href":"https:\/\/api.w.org\/{rel}","templated":true}]}}