{"id":19,"date":"2015-01-12T14:13:18","date_gmt":"2015-01-12T12:13:18","guid":{"rendered":"http:\/\/ravea.sk\/?page_id=19"},"modified":"2025-12-14T17:49:07","modified_gmt":"2025-12-14T15:49:07","slug":"kontakt","status":"publish","type":"page","link":"https:\/\/ravea.sk\/?page_id=19","title":{"rendered":"Kontakt"},"content":{"rendered":"\n<p><span style=\"text-decoration: underline;\">Veterin\u00e1rna ambulancia \u201eRAVEA\u201c<\/span><\/p>\n\n\n\n<p>\u017delezni\u010dn\u00e1 263\/33, 050 01 Rev\u00faca<\/p>\n\n\n\n<p><strong>\u010c\u00edslo telef\u00f3nu:<\/strong>&nbsp;0907 735 368<\/p>\n\n\n\n<p><strong>Email:<\/strong> info@ravea.sk<\/p>\n\n\n\n<p><span style=\"text-decoration: underline;\"><strong>Mapka:<\/strong><\/span><\/p>\n\n\n\n<p><iframe loading=\"lazy\" style=\"border: 0;\" src=\"https:\/\/www.google.com\/maps\/embed?pb=!1m14!1m8!1m3!1d2634.31671810136!2d20.1114005!3d48.68030900000001!3m2!1i1024!2i768!4f13.1!3m3!1m2!1s0x473fc69d0b2c0f41%3A0x3f97be36171ca19f!2zxb1lbGV6bmnEjW7DoSAyNjMvMzMsIDA1MCAwMSBSZXbDumNh!5e0!3m2!1ssk!2ssk!4v1420152752071\" width=\"640\" height=\"322\" frameborder=\"0\"><\/iframe><br>\n<strong><span style=\"text-decoration: underline;\">Kontaktn\u00fd formul\u00e1r:<\/span><\/strong><br><\/p>\n\n\n\n<div class=\"wpcf7 no-js\" id=\"wpcf7-f25-o1\" lang=\"sk-SK\" dir=\"ltr\" data-wpcf7-id=\"25\">\n<div class=\"screen-reader-response\"><p role=\"status\" aria-live=\"polite\" aria-atomic=\"true\"><\/p> <ul><\/ul><\/div>\n<form action=\"\/index.php?rest_route=%2Fwp%2Fv2%2Fpages%2F19#wpcf7-f25-o1\" method=\"post\" class=\"wpcf7-form init\" aria-label=\"Kontaktn\u00fd formul\u00e1r\" novalidate=\"novalidate\" data-status=\"init\">\n<fieldset class=\"hidden-fields-container\"><input type=\"hidden\" name=\"_wpcf7\" value=\"25\" \/><input type=\"hidden\" name=\"_wpcf7_version\" value=\"6.1.4\" \/><input type=\"hidden\" name=\"_wpcf7_locale\" value=\"sk_SK\" \/><input type=\"hidden\" name=\"_wpcf7_unit_tag\" value=\"wpcf7-f25-o1\" \/><input type=\"hidden\" name=\"_wpcf7_container_post\" value=\"0\" \/><input type=\"hidden\" name=\"_wpcf7_posted_data_hash\" value=\"\" \/>\n<\/fieldset>\n<p>Va\u0161e meno (povinn\u00e9)\n<\/p>\n<p><span class=\"wpcf7-form-control-wrap\" data-name=\"your-name\"><input size=\"40\" maxlength=\"400\" class=\"wpcf7-form-control wpcf7-text wpcf7-validates-as-required\" aria-required=\"true\" aria-invalid=\"false\" value=\"\" type=\"text\" name=\"your-name\" \/><\/span>\n<\/p>\n<p>V\u00e1\u0161 email (povinn\u00e9)\n<\/p>\n<p><span class=\"wpcf7-form-control-wrap\" data-name=\"your-email\"><input size=\"40\" maxlength=\"400\" class=\"wpcf7-form-control wpcf7-email wpcf7-validates-as-required wpcf7-text wpcf7-validates-as-email\" aria-required=\"true\" aria-invalid=\"false\" value=\"\" type=\"email\" name=\"your-email\" \/><\/span>\n<\/p>\n<p>Va\u0161a spr\u00e1va\n<\/p>\n<p><span class=\"wpcf7-form-control-wrap\" data-name=\"your-message\"><textarea cols=\"40\" rows=\"10\" maxlength=\"2000\" class=\"wpcf7-form-control wpcf7-textarea\" aria-invalid=\"false\" name=\"your-message\"><\/textarea><\/span>\n<\/p>\n<p><span class=\"wpcf7-form-control-wrap\" data-name=\"quiz-823\"><label><span class=\"wpcf7-quiz-label\">1+1=?<\/span> <input size=\"40\" maxlength=\"9\" class=\"wpcf7-form-control wpcf7-quiz\" autocomplete=\"off\" aria-required=\"true\" aria-invalid=\"false\" type=\"text\" name=\"quiz-823\" \/><\/label><input type=\"hidden\" name=\"_wpcf7_quiz_answer_quiz-823\" value=\"a33a25aeeff433e1840617e86dc515ce\" \/><\/span>\n<\/p>\n<p><input class=\"wpcf7-form-control wpcf7-submit has-spinner\" type=\"submit\" value=\"Odo\u0161li\" \/>\n<\/p><div class=\"wpcf7-response-output\" aria-hidden=\"true\"><\/div>\n<\/form>\n<\/div>\n\n","protected":false},"excerpt":{"rendered":"<p>Veterin\u00e1rna ambulancia \u201eRAVEA\u201c \u017delezni\u010dn\u00e1 263\/33, 050 01 Rev\u00faca \u010c\u00edslo telef\u00f3nu:&nbsp;0907 735 368 Email: info@ravea.sk Mapka: Kontaktn\u00fd formul\u00e1r:<\/p>\n","protected":false},"author":1,"featured_media":13,"parent":0,"menu_order":100,"comment_status":"closed","ping_status":"open","template":"","meta":{"footnotes":""},"class_list":["post-19","page","type-page","status-publish","has-post-thumbnail","hentry"],"_links":{"self":[{"href":"https:\/\/ravea.sk\/index.php?rest_route=\/wp\/v2\/pages\/19","targetHints":{"allow":["GET"]}}],"collection":[{"href":"https:\/\/ravea.sk\/index.php?rest_route=\/wp\/v2\/pages"}],"about":[{"href":"https:\/\/ravea.sk\/index.php?rest_route=\/wp\/v2\/types\/page"}],"author":[{"embeddable":true,"href":"https:\/\/ravea.sk\/index.php?rest_route=\/wp\/v2\/users\/1"}],"replies":[{"embeddable":true,"href":"https:\/\/ravea.sk\/index.php?rest_route=%2Fwp%2Fv2%2Fcomments&post=19"}],"version-history":[{"count":6,"href":"https:\/\/ravea.sk\/index.php?rest_route=\/wp\/v2\/pages\/19\/revisions"}],"predecessor-version":[{"id":52,"href":"https:\/\/ravea.sk\/index.php?rest_route=\/wp\/v2\/pages\/19\/revisions\/52"}],"wp:featuredmedia":[{"embeddable":true,"href":"https:\/\/ravea.sk\/index.php?rest_route=\/wp\/v2\/media\/13"}],"wp:attachment":[{"href":"https:\/\/ravea.sk\/index.php?rest_route=%2Fwp%2Fv2%2Fmedia&parent=19"}],"curies":[{"name":"wp","href":"https:\/\/api.w.org\/{rel}","templated":true}]}}