{"id":17,"date":"2015-01-12T14:11:53","date_gmt":"2015-01-12T12:11:53","guid":{"rendered":"http:\/\/ravea.sk\/?page_id=17"},"modified":"2025-12-14T17:47:53","modified_gmt":"2025-12-14T15:47:53","slug":"foto-galeria","status":"publish","type":"page","link":"https:\/\/ravea.sk\/?page_id=17","title":{"rendered":"Foto Gal\u00e9ria"},"content":{"rendered":"<p>V\u010faka pr\u00edstrojov\u00e9mu vybaveniu a dlhoro\u010dnej praxi person\u00e1lu sme schopn\u00ed zabezpe\u010di\u0165 be\u017en\u00e9 rutinn\u00e9 z\u00e1kroky, prevent\u00edvnu starostlivos\u0165, ale aj n\u00e1ro\u010dn\u00fa starostlivos\u0165 o komplikovan\u00fdch a ak\u00fatnych pacientov. S\u00fa\u010das\u0165ou na\u0161ich priestorov je ambulancia, opera\u010dn\u00e1 miestnos\u0165, \u010dak\u00e1re\u0148, recepcia a kozmetick\u00fd sal\u00f3n pre \u00fapravu zvierat. Dr\u017e\u00edme sa jednoduchej z\u00e1sady stara\u0165 sa o v\u0161etky zvierat\u00e1 tak, ako keby boli na\u0161e vlastn\u00e9, vytv\u00e1ra\u0165 pr\u00edjemn\u00e9 prostredie pre V\u00e1s a va\u0161e zvieratk\u00e1 a neust\u00e1le zdokona\u013eova\u0165 na\u0161e vybavenie, priestory a poskytovan\u00e9 slu\u017eby.<\/p>\n<div id='gallery-1' class='gallery galleryid-17 gallery-columns-3 gallery-size-thumbnail'><figure class='gallery-item'>\n\t\t\t<div class='gallery-icon landscape'>\n\t\t\t\t<a href='https:\/\/ravea.sk\/?attachment_id=30'><img loading=\"lazy\" decoding=\"async\" width=\"150\" height=\"150\" src=\"https:\/\/ravea.sk\/wp-content\/uploads\/2015\/01\/IMG_7506-150x150.jpg\" class=\"attachment-thumbnail size-thumbnail\" alt=\"\" aria-describedby=\"gallery-1-30\" srcset=\"https:\/\/ravea.sk\/wp-content\/uploads\/2015\/01\/IMG_7506-150x150.jpg 150w, https:\/\/ravea.sk\/wp-content\/uploads\/2015\/01\/IMG_7506-230x230.jpg 230w, https:\/\/ravea.sk\/wp-content\/uploads\/2015\/01\/IMG_7506-365x365.jpg 365w\" sizes=\"auto, (max-width: 150px) 100vw, 150px\" \/><\/a>\n\t\t\t<\/div>\n\t\t\t\t<figcaption class='wp-caption-text gallery-caption' id='gallery-1-30'>\n\t\t\t\tAmbulancia &#8211; RAVEA\n\t\t\t\t<\/figcaption><\/figure><figure class='gallery-item'>\n\t\t\t<div class='gallery-icon landscape'>\n\t\t\t\t<a href='https:\/\/ravea.sk\/?attachment_id=29'><img loading=\"lazy\" decoding=\"async\" width=\"150\" height=\"150\" src=\"https:\/\/ravea.sk\/wp-content\/uploads\/2015\/01\/IMG_7510-150x150.jpg\" class=\"attachment-thumbnail size-thumbnail\" alt=\"\" aria-describedby=\"gallery-1-29\" srcset=\"https:\/\/ravea.sk\/wp-content\/uploads\/2015\/01\/IMG_7510-150x150.jpg 150w, https:\/\/ravea.sk\/wp-content\/uploads\/2015\/01\/IMG_7510-230x230.jpg 230w, https:\/\/ravea.sk\/wp-content\/uploads\/2015\/01\/IMG_7510-365x365.jpg 365w\" sizes=\"auto, (max-width: 150px) 100vw, 150px\" \/><\/a>\n\t\t\t<\/div>\n\t\t\t\t<figcaption class='wp-caption-text gallery-caption' id='gallery-1-29'>\n\t\t\t\t\u010cak\u00e1re\u0148 &#8211; RAVEA\n\t\t\t\t<\/figcaption><\/figure><figure class='gallery-item'>\n\t\t\t<div class='gallery-icon landscape'>\n\t\t\t\t<a href='https:\/\/ravea.sk\/?attachment_id=28'><img loading=\"lazy\" decoding=\"async\" width=\"150\" height=\"150\" src=\"https:\/\/ravea.sk\/wp-content\/uploads\/2015\/01\/IMG_7513-150x150.jpg\" class=\"attachment-thumbnail size-thumbnail\" alt=\"\" aria-describedby=\"gallery-1-28\" srcset=\"https:\/\/ravea.sk\/wp-content\/uploads\/2015\/01\/IMG_7513-150x150.jpg 150w, https:\/\/ravea.sk\/wp-content\/uploads\/2015\/01\/IMG_7513-230x230.jpg 230w, https:\/\/ravea.sk\/wp-content\/uploads\/2015\/01\/IMG_7513-365x365.jpg 365w\" sizes=\"auto, (max-width: 150px) 100vw, 150px\" \/><\/a>\n\t\t\t<\/div>\n\t\t\t\t<figcaption class='wp-caption-text gallery-caption' id='gallery-1-28'>\n\t\t\t\tOpera\u010dn\u00e1 miestnos\u0165 &#8211; RAVEA\n\t\t\t\t<\/figcaption><\/figure>\n\t\t<\/div>\n\n","protected":false},"excerpt":{"rendered":"<p>V\u010faka pr\u00edstrojov\u00e9mu vybaveniu a dlhoro\u010dnej praxi person\u00e1lu sme schopn\u00ed zabezpe\u010di\u0165 be\u017en\u00e9 rutinn\u00e9 z\u00e1kroky, prevent\u00edvnu starostlivos\u0165, ale aj n\u00e1ro\u010dn\u00fa starostlivos\u0165 o komplikovan\u00fdch a ak\u00fatnych pacientov. S\u00fa\u010das\u0165ou na\u0161ich priestorov je ambulancia, opera\u010dn\u00e1 miestnos\u0165, \u010dak\u00e1re\u0148, recepcia a kozmetick\u00fd sal\u00f3n pre \u00fapravu zvierat. Dr\u017e\u00edme sa jednoduchej z\u00e1sady stara\u0165 sa o v\u0161etky zvierat\u00e1 tak, ako keby boli na\u0161e vlastn\u00e9, vytv\u00e1ra\u0165 &hellip; <a href=\"https:\/\/ravea.sk\/?page_id=17\" class=\"more-link\">Pokra\u010dova\u0165 v \u010d\u00edtan\u00ed: <span class=\"screen-reader-text\">Foto Gal\u00e9ria<\/span><\/a><\/p>\n","protected":false},"author":1,"featured_media":8,"parent":0,"menu_order":50,"comment_status":"closed","ping_status":"open","template":"","meta":{"footnotes":""},"class_list":["post-17","page","type-page","status-publish","has-post-thumbnail","hentry"],"_links":{"self":[{"href":"https:\/\/ravea.sk\/index.php?rest_route=\/wp\/v2\/pages\/17","targetHints":{"allow":["GET"]}}],"collection":[{"href":"https:\/\/ravea.sk\/index.php?rest_route=\/wp\/v2\/pages"}],"about":[{"href":"https:\/\/ravea.sk\/index.php?rest_route=\/wp\/v2\/types\/page"}],"author":[{"embeddable":true,"href":"https:\/\/ravea.sk\/index.php?rest_route=\/wp\/v2\/users\/1"}],"replies":[{"embeddable":true,"href":"https:\/\/ravea.sk\/index.php?rest_route=%2Fwp%2Fv2%2Fcomments&post=17"}],"version-history":[{"count":3,"href":"https:\/\/ravea.sk\/index.php?rest_route=\/wp\/v2\/pages\/17\/revisions"}],"predecessor-version":[{"id":39,"href":"https:\/\/ravea.sk\/index.php?rest_route=\/wp\/v2\/pages\/17\/revisions\/39"}],"wp:featuredmedia":[{"embeddable":true,"href":"https:\/\/ravea.sk\/index.php?rest_route=\/wp\/v2\/media\/8"}],"wp:attachment":[{"href":"https:\/\/ravea.sk\/index.php?rest_route=%2Fwp%2Fv2%2Fmedia&parent=17"}],"curies":[{"name":"wp","href":"https:\/\/api.w.org\/{rel}","templated":true}]}}