{"id":15,"date":"2015-01-12T14:11:11","date_gmt":"2015-01-12T12:11:11","guid":{"rendered":"http:\/\/ravea.sk\/?page_id=15"},"modified":"2025-12-14T17:47:38","modified_gmt":"2025-12-14T15:47:38","slug":"sluzby","status":"publish","type":"page","link":"https:\/\/ravea.sk\/?page_id=15","title":{"rendered":"Slu\u017eby"},"content":{"rendered":"<ul>\n<li><strong>Prevent\u00edvna starostlivos\u0165<\/strong> (ambulantn\u00e9 vy\u0161etrenie, vakcin\u00e1cia, od\u010dervenie)<\/li>\n<li><strong>Poradensk\u00e1 \u010dinnos\u0165 pre chovate\u013eov<\/strong><\/li>\n<li><strong>\u0160peci\u00e1lna starostlivos\u0165<\/strong> (starn\u00face, ob\u00e9zne zvierat\u00e1, ml\u00e1\u010fat\u00e1)<\/li>\n<li><strong>Intern\u00e1 medic\u00edna<\/strong> (diagnostika a lie\u010dba ochoren\u00ed vn\u00fatorn\u00fdch org\u00e1nov)<\/li>\n<li><strong>Chirurgia m\u00e4kk\u00fdch tkan\u00edv<\/strong> (kastr\u00e1cie, odstra\u0148ovanie \u00fatvarov a n\u00e1dorov, hernie, poranenia, oper\u00e1cie na org\u00e1noch bru\u0161nej dutiny)<\/li>\n<li><strong>Stomatol\u00f3gia<\/strong> (odstra\u0148ovanie zubn\u00e9ho kame\u0148a ultrazvukom, extrakcie zubov, choroby dutiny \u00fastnej, poradenstvo v oblasti prevencie a tvorby zubn\u00e9ho kame\u0148a)<\/li>\n<li><strong>Oftalmol\u00f3gia<\/strong> (choroby a chirurgia oka)<\/li>\n<li><strong>Otolaryngol\u00f3gia<\/strong> (choroby a chirurgia ucha)<\/li>\n<li><strong>Dermatol\u00f3gia<\/strong> (diagnostika a lie\u010dba ko\u017en\u00fdch ochoren\u00ed a ochoren\u00ed ko\u017en\u00fdch deriv\u00e1tov, zah\u0155\u0148aj\u00faca ko\u017en\u00e9 zo\u0161kraby, stery, odtla\u010dkov\u00e1 cytol\u00f3gia, tenkoihlov\u00e1 aspira\u010dn\u00e1 biopsia, hormon\u00e1lne vy\u0161etrenia, kultiva\u010dn\u00e9 vy\u0161etrenia, ako aj mo\u017enos\u0165 odberu vzoriek a ich n\u00e1sledn\u00e9 zaslanie na histologick\u00e9 vy\u0161etrenie)<\/li>\n<li><strong>Gynekol\u00f3gia<\/strong> (ur\u010denie vhodnej doby nakr\u00fdvania, vagin\u00e1lna cytol\u00f3gia, stanovenie hladiny progester\u00f3nu, insemin\u00e1cia, diagnostika gravidity, vedenie p\u00f4rodu, cis\u00e1rsky rez, komplik\u00e1cie po\u010das gravidity, p\u00f4rodu, po p\u00f4rode, odchov ml\u00e1\u010fat, poradensk\u00e1 \u010dinnos\u0165)<\/li>\n<li><strong>Ortop\u00e9dia<\/strong> (diagnostika a konzervat\u00edvne rie\u0161enie ortopedick\u00fdch probl\u00e9mov)<\/li>\n<li><strong>Ultrasonografia<\/strong> (diagnostika gravidity, ochoren\u00ed org\u00e1nov bru\u0161nej dutiny)<\/li>\n<li><strong>RTG vy\u0161etrenie<\/strong><\/li>\n<li><strong>Laborat\u00f3rne vy\u0161etrenia<\/strong> (hematologick\u00e9, biochemick\u00e9 a hormon\u00e1lne vy\u0161etrenia krvi, parazitologick\u00e9 vy\u0161etrenie trusu, s\u00e9rologick\u00e9 vy\u0161etrenia)<\/li>\n<li><strong>\u010cipovanie zvierat a vystavovanie petpasov<\/strong> (registr\u00e1cia do centr\u00e1lneho registra zvierat)<\/li>\n<li><strong>V\u00fdjazdy k pacientom po telefonickom dohovore<\/strong><\/li>\n<li><strong>Pohotovostn\u00e9 o\u0161etrenie<\/strong> pre na\u0161ich klientov je k dispoz\u00edcii aj mimo ordina\u010dn\u00fdch hod\u00edn a v noci, na telef\u00f3n u slu\u017ebukonaj\u00faceho veterin\u00e1rneho lek\u00e1ra<\/li>\n<li><strong>Predaj krm\u00edv a doplnkov v\u00fd\u017eivy<\/strong> pre spolo\u010densk\u00e9 zvierat\u00e1.<\/li>\n<li><strong>Kozmetick\u00fd sal\u00f3n<\/strong> (strihanie, tr\u00edmovanie a \u00faprava zvierat)<\/li>\n<\/ul>\n","protected":false},"excerpt":{"rendered":"<p>Prevent\u00edvna starostlivos\u0165 (ambulantn\u00e9 vy\u0161etrenie, vakcin\u00e1cia, od\u010dervenie) Poradensk\u00e1 \u010dinnos\u0165 pre chovate\u013eov \u0160peci\u00e1lna starostlivos\u0165 (starn\u00face, ob\u00e9zne zvierat\u00e1, ml\u00e1\u010fat\u00e1) Intern\u00e1 medic\u00edna (diagnostika a lie\u010dba ochoren\u00ed vn\u00fatorn\u00fdch org\u00e1nov) Chirurgia m\u00e4kk\u00fdch tkan\u00edv (kastr\u00e1cie, odstra\u0148ovanie \u00fatvarov a n\u00e1dorov, hernie, poranenia, oper\u00e1cie na org\u00e1noch bru\u0161nej dutiny) Stomatol\u00f3gia (odstra\u0148ovanie zubn\u00e9ho kame\u0148a ultrazvukom, extrakcie zubov, choroby dutiny \u00fastnej, poradenstvo v oblasti prevencie a tvorby &hellip; <a href=\"https:\/\/ravea.sk\/?page_id=15\" class=\"more-link\">Pokra\u010dova\u0165 v \u010d\u00edtan\u00ed: <span class=\"screen-reader-text\">Slu\u017eby<\/span><\/a><\/p>\n","protected":false},"author":1,"featured_media":7,"parent":0,"menu_order":10,"comment_status":"closed","ping_status":"open","template":"","meta":{"footnotes":""},"class_list":["post-15","page","type-page","status-publish","has-post-thumbnail","hentry"],"_links":{"self":[{"href":"https:\/\/ravea.sk\/index.php?rest_route=\/wp\/v2\/pages\/15","targetHints":{"allow":["GET"]}}],"collection":[{"href":"https:\/\/ravea.sk\/index.php?rest_route=\/wp\/v2\/pages"}],"about":[{"href":"https:\/\/ravea.sk\/index.php?rest_route=\/wp\/v2\/types\/page"}],"author":[{"embeddable":true,"href":"https:\/\/ravea.sk\/index.php?rest_route=\/wp\/v2\/users\/1"}],"replies":[{"embeddable":true,"href":"https:\/\/ravea.sk\/index.php?rest_route=%2Fwp%2Fv2%2Fcomments&post=15"}],"version-history":[{"count":2,"href":"https:\/\/ravea.sk\/index.php?rest_route=\/wp\/v2\/pages\/15\/revisions"}],"predecessor-version":[{"id":27,"href":"https:\/\/ravea.sk\/index.php?rest_route=\/wp\/v2\/pages\/15\/revisions\/27"}],"wp:featuredmedia":[{"embeddable":true,"href":"https:\/\/ravea.sk\/index.php?rest_route=\/wp\/v2\/media\/7"}],"wp:attachment":[{"href":"https:\/\/ravea.sk\/index.php?rest_route=%2Fwp%2Fv2%2Fmedia&parent=15"}],"curies":[{"name":"wp","href":"https:\/\/api.w.org\/{rel}","templated":true}]}}